{"id":411,"date":"2021-06-01T14:11:38","date_gmt":"2021-06-01T19:11:38","guid":{"rendered":"https:\/\/ieo.ieramonarcila.edu.co\/calidad\/?page_id=411"},"modified":"2021-06-04T14:50:38","modified_gmt":"2021-06-04T19:50:38","slug":"otras-gestiones","status":"publish","type":"page","link":"https:\/\/ieo.ieramonarcila.edu.co\/calidad\/otras-gestiones\/","title":{"rendered":"OTRAS GESTIONES"},"content":{"rendered":"<div id=\"pl-411\"  class=\"panel-layout\" ><div id=\"pg-411-0\"  class=\"panel-grid panel-no-style\" ><div id=\"pgc-411-0-0\"  class=\"panel-grid-cell\" ><div id=\"panel-411-0-0-0\" class=\"so-panel widget widget_black-studio-tinymce widget_black_studio_tinymce panel-first-child panel-last-child\" data-index=\"0\" ><div class=\"textwidget\"><table style=\"border-style: solid; background-color: #f0d332; border-color: #000000;\">\n<tbody>\n<tr>\n<td style=\"width: 331px; border-style: solid; border-color: #000000;\"><span style=\"color: #000000;\"><a style=\"color: #000000;\" href=\"https:\/\/drive.google.com\/file\/d\/1x8yNGmLkQzbcW6-VEn5diZOtB32mVNKt\/view\">Caracterizaci\u00f3n gesti\u00f3n directiva\u00a0 \u00a0\u00a0 \u00a0 \u00a0 \u00a0 \u00a0 \u00a0 \u00a0 \u00a0 \u00a0 \u00a0 \u00a0 \u00a0<\/a><\/span><\/td>\n<\/tr>\n<tr>\n<td style=\"width: 331px; border-style: solid; border-color: #000000;\"><span style=\"color: #000000;\">Caracterizaci\u00f3n gesti\u00f3n financiera<\/span><\/td>\n<\/tr>\n<tr>\n<td style=\"width: 331px; border-style: solid; border-color: #000000;\"><span style=\"color: #000000;\"><a style=\"color: #000000;\" href=\"https:\/\/drive.google.com\/file\/d\/147taLOCG0X5jfBqRCPOJ9PV4RtGp_UMC\/view\">Caracterizaci\u00f3n gesti\u00f3n calidad<\/a><\/span><\/td>\n<\/tr>\n<tr>\n<td style=\"width: 331px; border-style: solid; border-color: #000000;\"><span style=\"color: #000000;\"><a style=\"color: #000000;\" href=\"https:\/\/drive.google.com\/file\/d\/1GOcy-XHZiYEIPleAbsR4O_bcb7rjr2cn\/view\">Caracterizaci\u00f3n gesti\u00f3n matricula<\/a><\/span><\/td>\n<\/tr>\n<tr>\n<td style=\"width: 331px; border-style: solid; border-color: #000000;\"><span style=\"color: #000000;\"><a style=\"color: #000000;\" href=\"https:\/\/drive.google.com\/file\/d\/1zl6yZPXlKCEn4cOn8669UjE-su5mN6gg\/view\">Caracterizaci\u00f3n gesti\u00f3n talento humano<\/a><\/span><\/td>\n<\/tr>\n<tr>\n<td style=\"width: 331px; border-style: solid; border-color: #000000;\"><span style=\"color: #000000;\"><a style=\"color: #000000;\" href=\"https:\/\/drive.google.com\/file\/d\/17NTOY2-X6rHxeD9cjN5jSOa7j6LYhL6X\/view?usp=sharing\">Informe de promoci\u00f3n anticipada<\/a><\/span><\/td>\n<\/tr>\n<tr>\n<td style=\"width: 331px; border-style: solid; border-color: #000000;\"><span style=\"color: #000000;\"><a style=\"color: #000000;\" href=\"https:\/\/drive.google.com\/file\/d\/19-RIdbrDvz_0N0NJyu0oJXy6632UWMg4\/view?usp=sharing\">Atenci\u00f3n casos de convivencia escolar<\/a><\/span><\/td>\n<\/tr>\n<tr>\n<td style=\"width: 331px; border-style: solid; border-color: #000000;\"><span style=\"color: #000000;\"><a style=\"color: #000000;\" href=\"https:\/\/drive.google.com\/file\/d\/1PocIoME1JIt4mmAHMYZsXTzKluSA9OXW\/view?usp=sharing\">Matriz de riesgo<\/a><\/span><\/td>\n<\/tr>\n<tr>\n<td style=\"width: 331px; border-style: solid; border-color: #000000;\"><a href=\"https:\/\/drive.google.com\/file\/d\/1-pH_k7Cj56et0Qo5zd8GVkFwGn86siAV\/view?usp=sharing\" target=\"_blank\" rel=\"noopener\"><span style=\"color: #000000;\">Indicadores gesti\u00f3n directiva<\/span><\/a><\/td>\n<\/tr>\n<tr>\n<td style=\"width: 331px; border-style: solid; border-color: #000000;\"><span style=\"color: #000000;\"><a style=\"color: #000000;\" href=\"https:\/\/drive.google.com\/file\/d\/1YNdzoyWWcX-B0C5wWUxtq359svxaE1Nd\/view?usp=sharing\">Permisos de ausentismo<\/a><\/span><\/td>\n<\/tr>\n<tr>\n<td style=\"width: 331px; border-style: solid; border-color: #000000;\"><span style=\"color: #000000;\"><a style=\"color: #000000;\" href=\"https:\/\/drive.google.com\/file\/d\/15uKAuX68lNOlv5OP6YZyLPqpcakEH-F3\/view?usp=sharing\">Relaci\u00f3n de permisos ausentismo<\/a><\/span><\/td>\n<\/tr>\n<tr>\n<td style=\"width: 331px; border-style: solid; border-color: #000000;\"><span style=\"color: #000000;\"><a style=\"color: #000000;\" href=\"https:\/\/drive.google.com\/file\/d\/1zx6mIQnoq8-uIKwCan5-GIGtApnFd1cd\/view?usp=sharing\">Control entradas y salidas docentes<\/a><\/span><\/td>\n<\/tr>\n<tr>\n<td style=\"width: 331px; border-style: solid; border-color: #000000;\"><span style=\"color: #000000;\"><a style=\"color: #000000;\" href=\"https:\/\/drive.google.com\/file\/d\/1Ts9Za-NOa0QR9RKUeZHfKsz7GhX5eBLX\/view?usp=sharing\">Plan de mantenimiento<\/a><\/span><\/td>\n<\/tr>\n<tr>\n<td style=\"width: 331px; border-style: solid; border-color: #000000;\"><span style=\"color: #000000;\"><a style=\"color: #000000;\" href=\"https:\/\/drive.google.com\/file\/d\/11z6bg5XR_T7Cf6aqq59Q7ajNZmxm2iiy\/view?usp=sharing\">Indicadores gesti\u00f3n financiera<\/a><\/span><\/td>\n<\/tr>\n<tr>\n<td style=\"width: 331px; border-style: solid; border-color: #000000;\"><span style=\"color: #000000;\">Requisici\u00f3n y entrega de materiales<\/span><\/td>\n<\/tr>\n<tr>\n<td style=\"width: 331px; border-style: solid; border-color: #000000;\"><span style=\"color: #000000;\"><a style=\"color: #000000;\" href=\"https:\/\/drive.google.com\/file\/d\/1fkLixKophPdRDp_d0sSbyfVa-PiT2UEt\/view\">Seguimiento y evacuaci\u00f3n de proveedores<\/a><\/span><\/td>\n<\/tr>\n<tr>\n<td style=\"width: 331px; border-style: solid; border-color: #000000;\"><span style=\"color: #000000;\"><a style=\"color: #000000;\" href=\"https:\/\/drive.google.com\/file\/d\/1_JG0xcwc5wJ7zzArLHMB4XmV5kD-CptN\/view?usp=sharing\">Listado de proveedores<\/a><\/span><\/td>\n<\/tr>\n<tr>\n<td style=\"width: 331px; border-style: solid; border-color: #000000;\"><span style=\"color: #000000;\"><a style=\"color: #000000;\" href=\"https:\/\/drive.google.com\/file\/d\/1Qa2dF7T6-5IAorR9C_C_89BEl_GCQ0TQ\/view?usp=sharing\">Certificado costos educativos<\/a><\/span><\/td>\n<\/tr>\n<tr>\n<td style=\"width: 331px; border-style: solid; border-color: #000000;\"><span style=\"color: #000000;\"><a style=\"color: #000000;\" href=\"https:\/\/drive.google.com\/file\/d\/1tc92AM5KdA7rAOHEuQ7BoZIflJ_5JTQn\/view?usp=sharing\">Indicadores gesti\u00f3n calidad<\/a><\/span><\/td>\n<\/tr>\n<tr>\n<td style=\"width: 331px; border-style: solid; border-color: #000000;\"><span style=\"color: #000000;\"><a style=\"color: #000000;\" href=\"https:\/\/drive.google.com\/file\/d\/1CVWQeMOeZwmwA1x66SnZv142BmO7-2fD\/view?usp=sharing\">Seguimiento encuesta de satisfacci\u00f3n<\/a><\/span><\/td>\n<\/tr>\n<tr>\n<td style=\"width: 331px; border-style: solid; border-color: #000000;\"><span style=\"color: #000000;\"><a style=\"color: #000000;\" href=\"https:\/\/drive.google.com\/file\/d\/1Anb29jskx33-C28CHMr7kysrfGDQngxT\/view?usp=sharing\">Matriz de acciones correctivas y mejoras<\/a><\/span><\/td>\n<\/tr>\n<tr>\n<td style=\"width: 331px; border-style: solid; border-color: #000000;\"><span style=\"color: #000000;\"><a style=\"color: #000000;\" href=\"https:\/\/drive.google.com\/file\/d\/1PW4Ue_YDaYIGA83xbL490juvl7oy-Z0K\/view?usp=sharing\">Formato de acta<\/a><\/span><\/td>\n<\/tr>\n<tr>\n<td style=\"width: 331px; border-style: solid; border-color: #000000;\"><span style=\"color: #000000;\"><a style=\"color: #000000;\" href=\"https:\/\/drive.google.com\/file\/d\/1Jh962XBsqYOL2gR37s-1dSd8yY3eyp5I\/view?usp=sharing\">Plantilla institucional<\/a><\/span><\/td>\n<\/tr>\n<tr>\n<td style=\"width: 331px; border-style: solid; border-color: #000000;\"><span style=\"color: #000000;\"><a style=\"color: #000000;\" href=\"https:\/\/drive.google.com\/file\/d\/1SWCPJN9kDhFhxcKGOQyOpfcw5lMPQQQ2\/view\">Evaluacion al evento<\/a><\/span><\/td>\n<\/tr>\n<tr>\n<td style=\"width: 331px; border-style: solid; border-color: #000000;\"><span style=\"color: #000000;\"><a style=\"color: #000000;\" href=\"https:\/\/drive.google.com\/file\/d\/1JXvbHwkejIxtCpsbuqWFKW5QTFzUPE6w\/view\">Entrega de documentos y formatos<\/a><\/span><\/td>\n<\/tr>\n<tr>\n<td style=\"width: 331px; border-style: solid; border-color: #000000;\"><span style=\"color: #000000;\"><a style=\"color: #000000;\" href=\"https:\/\/drive.google.com\/file\/d\/1nBC0KrjK5HcOLlnVCdETl4MteAFZ1NdA\/view?usp=sharing\">Entrada y salida de correspondencia<\/a><\/span><\/td>\n<\/tr>\n<tr>\n<td style=\"width: 331px; border-style: solid; border-color: #000000;\"><span style=\"color: #000000;\"><a style=\"color: #000000;\" href=\"https:\/\/drive.google.com\/file\/d\/1MgqIleljLf1qk4eZ1oxmUDJiJRXVcitj\/view?usp=sharing\">Matriz QRSE\u00b4s<\/a><\/span><\/td>\n<\/tr>\n<tr>\n<td style=\"width: 331px; border-style: solid; border-color: #000000;\"><span style=\"color: #000000;\"><a style=\"color: #000000;\" href=\"https:\/\/drive.google.com\/file\/d\/10xgftkwbN1gTVs_OBAype5uHFrcgp6q6\/view?usp=sharing\">Citaci\u00f3n a reuniones<\/a><\/span><\/td>\n<\/tr>\n<tr>\n<td style=\"width: 331px; border-style: solid; border-color: #000000;\"><span style=\"color: #000000;\"><a style=\"color: #000000;\" href=\"https:\/\/drive.google.com\/file\/d\/1dhwzwVZ0T-cmMz70wnSGHRLTsghqiMaP\/view?usp=sharing\">Cronograma de auditorias<\/a><\/span><\/td>\n<\/tr>\n<tr>\n<td style=\"width: 331px; border-style: solid; border-color: #000000;\"><span style=\"color: #000000;\"><a style=\"color: #000000;\" href=\"https:\/\/drive.google.com\/file\/d\/10Ovmz_M02y48cqIPvROe3jObyOVA9KBe\/view?usp=sharing\">Indicadores de gesti\u00f3n matricula<\/a><\/span><\/td>\n<\/tr>\n<tr>\n<td style=\"width: 331px; border-style: solid; border-color: #000000;\"><span style=\"color: #000000;\"><a style=\"color: #000000;\" href=\"https:\/\/drive.google.com\/file\/d\/1dD6D19NvfZjAfg1_OaGPXU9QYa5DeqAG\/view?usp=sharing\">Seguimiento de indicadores gesti\u00f3n matricula<\/a><\/span><\/td>\n<\/tr>\n<tr>\n<td style=\"width: 331px; border-style: solid; border-color: #000000;\"><span style=\"color: #000000;\"><a style=\"color: #000000;\" href=\"https:\/\/drive.google.com\/file\/d\/1vNWa4Opb1TyUjNeLEcgG8lyj42armb1m\/view?usp=sharing\">Autorizaci\u00f3n de matricula<\/a><\/span><\/td>\n<\/tr>\n<tr>\n<td style=\"width: 331px; border-style: solid; border-color: #000000;\"><span style=\"color: #000000;\"><a style=\"color: #000000;\" href=\"https:\/\/drive.google.com\/file\/d\/1P7cjAtokmu1CV722SIDFwYNE4A6B4Tie\/view?usp=sharing\">Control de documentaci\u00f3n<\/a><\/span><\/td>\n<\/tr>\n<tr>\n<td style=\"width: 331px; border-style: solid; border-color: #000000;\"><span style=\"color: #000000;\"><a style=\"color: #000000;\" href=\"https:\/\/drive.google.com\/file\/d\/13CDebMiGC8JBc2aRulgH94Gmvb0K1-Of\/view?usp=sharing\">Comprobante de matricula<\/a><\/span><\/td>\n<\/tr>\n<tr>\n<td style=\"width: 331px; border-style: solid; border-color: #000000;\"><span style=\"color: #000000;\"><a style=\"color: #000000;\" href=\"https:\/\/drive.google.com\/file\/d\/1NxEyJ09_TztmfCbsaGa1SryFuLo1vB8o\/view?usp=sharing\">Notificaci\u00f3n mayor\u00eda de edad<\/a><\/span><\/td>\n<\/tr>\n<tr>\n<td style=\"width: 331px; border-style: solid; border-color: #000000;\"><a href=\"https:\/\/drive.google.com\/file\/d\/1GUSavwhF37ZRofMLritKulj0c7PebtG4\/view?usp=sharing\" target=\"_blank\" rel=\"noopener\"><span style=\"color: #000000;\">Indicadores de gesti\u00f3n talento humano<\/span><\/a><\/td>\n<\/tr>\n<tr>\n<td style=\"width: 331px; border-style: solid; border-color: #000000;\"><span style=\"color: #000000;\"><a style=\"color: #000000;\" href=\"https:\/\/drive.google.com\/file\/d\/17_3zDtlVO9hpdeWFAsPXkyLpq8hTeiew\/view?usp=sharing\">Control de inducciones<\/a><\/span><\/td>\n<\/tr>\n<tr>\n<td style=\"width: 331px; border-style: solid; border-color: #000000;\"><span style=\"color: #000000;\"><a style=\"color: #000000;\" href=\"https:\/\/drive.google.com\/file\/d\/11HJ01b1k-Wav5qnUllU0u_gaQKikGvR5\/view?usp=sharing\">Plan de capacitaci\u00f3n y formaci\u00f3n<\/a><\/span><\/td>\n<\/tr>\n<tr>\n<td style=\"width: 331px; border-style: solid; border-color: #000000;\"><span style=\"color: #000000;\"><a style=\"color: #000000;\" href=\"https:\/\/drive.google.com\/file\/d\/10MUubFYSdVS--4EHMfCqbSyZUsL_KCGQ\/view?usp=sharing\">Control evaluaci\u00f3n de capacitaciones<\/a><\/span><\/td>\n<\/tr>\n<tr>\n<td style=\"width: 331px; border-style: solid; border-color: #000000;\"><span style=\"color: #000000;\"><a style=\"color: #000000;\" href=\"https:\/\/drive.google.com\/file\/d\/1LJ0SK2FxhgdQa8RUS19RTFXfW0VWIbTh\/view\">Quejas, reclamos, sugerencias y exaltaciones<\/a><\/span><\/td>\n<\/tr>\n<\/tbody>\n<\/table>\n<div id=\"gtx-trans\" style=\"position: absolute; left: 253px; top: 1158px;\">\n<div class=\"gtx-trans-icon\"><\/div>\n<\/div>\n<\/div><\/div><\/div><\/div><\/div>","protected":false},"excerpt":{"rendered":"<p>Caracterizaci\u00f3n gesti\u00f3n directiva\u00a0 \u00a0\u00a0 \u00a0 \u00a0 \u00a0 \u00a0 \u00a0 \u00a0 \u00a0 \u00a0 \u00a0 \u00a0 \u00a0 Caracterizaci\u00f3n gesti\u00f3n financiera Caracterizaci\u00f3n gesti\u00f3n &hellip; <\/p>\n","protected":false},"author":142,"featured_media":0,"parent":0,"menu_order":0,"comment_status":"closed","ping_status":"closed","template":"","meta":[],"_links":{"self":[{"href":"https:\/\/ieo.ieramonarcila.edu.co\/calidad\/wp-json\/wp\/v2\/pages\/411"}],"collection":[{"href":"https:\/\/ieo.ieramonarcila.edu.co\/calidad\/wp-json\/wp\/v2\/pages"}],"about":[{"href":"https:\/\/ieo.ieramonarcila.edu.co\/calidad\/wp-json\/wp\/v2\/types\/page"}],"author":[{"embeddable":true,"href":"https:\/\/ieo.ieramonarcila.edu.co\/calidad\/wp-json\/wp\/v2\/users\/142"}],"replies":[{"embeddable":true,"href":"https:\/\/ieo.ieramonarcila.edu.co\/calidad\/wp-json\/wp\/v2\/comments?post=411"}],"version-history":[{"count":19,"href":"https:\/\/ieo.ieramonarcila.edu.co\/calidad\/wp-json\/wp\/v2\/pages\/411\/revisions"}],"predecessor-version":[{"id":419,"href":"https:\/\/ieo.ieramonarcila.edu.co\/calidad\/wp-json\/wp\/v2\/pages\/411\/revisions\/419"}],"wp:attachment":[{"href":"https:\/\/ieo.ieramonarcila.edu.co\/calidad\/wp-json\/wp\/v2\/media?parent=411"}],"curies":[{"name":"wp","href":"https:\/\/api.w.org\/{rel}","templated":true}]}}