{"id":407,"date":"2021-06-01T14:00:30","date_gmt":"2021-06-01T19:00:30","guid":{"rendered":"https:\/\/ieo.ieramonarcila.edu.co\/calidad\/?page_id=407"},"modified":"2021-06-03T17:22:41","modified_gmt":"2021-06-03T22:22:41","slug":"estudiantes","status":"publish","type":"page","link":"https:\/\/ieo.ieramonarcila.edu.co\/calidad\/estudiantes\/","title":{"rendered":"ESTUDIANTES"},"content":{"rendered":"<div id=\"pl-407\"  class=\"panel-layout\" ><div id=\"pg-407-0\"  class=\"panel-grid panel-no-style\" ><div id=\"pgc-407-0-0\"  class=\"panel-grid-cell\" ><div id=\"panel-407-0-0-0\" class=\"so-panel widget widget_black-studio-tinymce widget_black_studio_tinymce panel-first-child panel-last-child\" data-index=\"0\" ><div class=\"textwidget\"><p>&nbsp;<\/p>\n<table style=\"border-style: solid; border-color: #000000; background-color: #87e2f5;\">\n<tbody>\n<tr>\n<td style=\"border-style: solid; border-color: #000000;\" width=\"100%\"><span style=\"color: #000000;\"><a style=\"color: #000000;\" href=\"https:\/\/drive.google.com\/file\/d\/1jZ6iH0-gS7-cQ4QiSHSLGvAfNfLzOQqf\/view?usp=sharing\">Autorizaci\u00f3n salida pedag\u00f3gica<\/a><\/span><\/td>\n<\/tr>\n<tr>\n<td style=\"border-style: solid; border-color: #000000;\" width=\"100%\"><span style=\"color: #000000;\"><a style=\"color: #000000;\" href=\"https:\/\/drive.google.com\/file\/d\/1E7ufwDCAdfogreS_sD_yPETILPuIH6q_\/view?usp=sharing\">Excusa estudiantes<\/a><\/span><\/td>\n<\/tr>\n<tr>\n<td style=\"border-style: solid; border-color: #000000;\" width=\"100%\"><span style=\"color: #000000;\"><a style=\"color: #000000;\" href=\"https:\/\/drive.google.com\/file\/d\/1XJ5bu5HLPeup-xRChCzOcnvDcJNavHpP\/view?usp=sharing\">Solicitud promoci\u00f3n anticipada<\/a><\/span><\/td>\n<\/tr>\n<tr>\n<td style=\"border-style: solid; border-color: #000000;\" width=\"100%\"><span style=\"color: #000000;\">Autoevaluaci\u00f3n del estudiante<\/span><\/td>\n<\/tr>\n<tr>\n<td style=\"border-style: solid; border-color: #000000;\" width=\"100%\"><span style=\"color: #000000;\"><a style=\"color: #000000;\" href=\"https:\/\/drive.google.com\/file\/d\/1lTGMFomWrCGbWFWMAQVazhtCqquMyiLh\/view?usp=sharing\">Relaci\u00f3n de horas SSEO<\/a><\/span><\/td>\n<\/tr>\n<tr>\n<td style=\"border-style: solid; border-color: #000000;\" width=\"100%\"><span style=\"color: #000000;\"><a style=\"color: #000000;\" href=\"https:\/\/drive.google.com\/file\/d\/1SD9P43nSHF7JGQIXlyO-7eBluC32tVBv\/view?usp=sharing\">Autorizaci\u00f3n de SSEO<\/a><\/span><\/td>\n<\/tr>\n<tr>\n<td style=\"border-style: solid; border-color: #000000;\" width=\"100%\"><span style=\"color: #000000;\"><a style=\"color: #000000;\" href=\"https:\/\/drive.google.com\/file\/d\/1cAPZU_X6AunEnpw4jxTKR0gj8B0oWVgr\/view?usp=sharing\">Presentaci\u00f3n para el SSEO para entidad externa<\/a><\/span><\/td>\n<\/tr>\n<tr>\n<td style=\"border-style: solid; border-color: #000000;\" width=\"100%\"><span style=\"color: #000000;\"><a style=\"color: #000000;\" href=\"https:\/\/drive.google.com\/file\/d\/142-zDGuC5fmHk8fW9aG27sz_3saTjTkR\/view?usp=sharing\">Encuesta de satisfacci\u00f3n<\/a><\/span><\/td>\n<\/tr>\n<tr>\n<td style=\"border-style: solid; border-color: #000000;\" width=\"100%\"><span style=\"color: #000000;\"><a style=\"color: #000000;\" href=\"https:\/\/drive.google.com\/file\/d\/18FTndHfMYYcPyyXRBFrBJ2P_dCvR7H1j\/view?usp=sharing\">Quejas, reclamos, sugerencias, exaltaciones<\/a><\/span><\/td>\n<\/tr>\n<tr>\n<td style=\"border-style: solid; border-color: #000000;\" width=\"100%\"><span style=\"color: #000000;\"><a style=\"color: #000000;\" href=\"https:\/\/drive.google.com\/file\/d\/18FTndHfMYYcPyyXRBFrBJ2P_dCvR7H1j\/view?usp=sharing\">Solicitud de retiro<\/a><\/span><\/td>\n<\/tr>\n<\/tbody>\n<\/table>\n<p>&nbsp;<\/p>\n<\/div><\/div><\/div><\/div><\/div>","protected":false},"excerpt":{"rendered":"<p>&nbsp; Autorizaci\u00f3n salida pedag\u00f3gica Excusa estudiantes Solicitud promoci\u00f3n anticipada Autoevaluaci\u00f3n del estudiante Relaci\u00f3n de horas SSEO Autorizaci\u00f3n de SSEO Presentaci\u00f3n &hellip; <\/p>\n","protected":false},"author":142,"featured_media":0,"parent":0,"menu_order":0,"comment_status":"closed","ping_status":"closed","template":"","meta":[],"_links":{"self":[{"href":"https:\/\/ieo.ieramonarcila.edu.co\/calidad\/wp-json\/wp\/v2\/pages\/407"}],"collection":[{"href":"https:\/\/ieo.ieramonarcila.edu.co\/calidad\/wp-json\/wp\/v2\/pages"}],"about":[{"href":"https:\/\/ieo.ieramonarcila.edu.co\/calidad\/wp-json\/wp\/v2\/types\/page"}],"author":[{"embeddable":true,"href":"https:\/\/ieo.ieramonarcila.edu.co\/calidad\/wp-json\/wp\/v2\/users\/142"}],"replies":[{"embeddable":true,"href":"https:\/\/ieo.ieramonarcila.edu.co\/calidad\/wp-json\/wp\/v2\/comments?post=407"}],"version-history":[{"count":7,"href":"https:\/\/ieo.ieramonarcila.edu.co\/calidad\/wp-json\/wp\/v2\/pages\/407\/revisions"}],"predecessor-version":[{"id":502,"href":"https:\/\/ieo.ieramonarcila.edu.co\/calidad\/wp-json\/wp\/v2\/pages\/407\/revisions\/502"}],"wp:attachment":[{"href":"https:\/\/ieo.ieramonarcila.edu.co\/calidad\/wp-json\/wp\/v2\/media?parent=407"}],"curies":[{"name":"wp","href":"https:\/\/api.w.org\/{rel}","templated":true}]}}