{"id":387,"date":"2021-05-31T18:25:50","date_gmt":"2021-05-31T23:25:50","guid":{"rendered":"https:\/\/ieo.ieramonarcila.edu.co\/calidad\/?page_id=387"},"modified":"2021-06-03T17:15:00","modified_gmt":"2021-06-03T22:15:00","slug":"docentes-2","status":"publish","type":"page","link":"https:\/\/ieo.ieramonarcila.edu.co\/calidad\/docentes-2\/","title":{"rendered":"DOCENTES"},"content":{"rendered":"<div id=\"pl-387\"  class=\"panel-layout\" ><div id=\"pg-387-0\"  class=\"panel-grid panel-no-style\" ><div id=\"pgc-387-0-0\"  class=\"panel-grid-cell\" ><div id=\"panel-387-0-0-0\" class=\"so-panel widget widget_black-studio-tinymce widget_black_studio_tinymce panel-first-child panel-last-child\" data-index=\"0\" ><div class=\"textwidget\"><p>&nbsp;<\/p>\n<table style=\"background-color: #58d6d4; width: 63%; border-color: #000000; border-style: solid;\" width=\"63%\">\n<tbody>\n<tr>\n<td style=\"border-style: solid; border-color: #000000;\" width=\"100%\"><span style=\"color: #000000;\"><a style=\"color: #000000;\" href=\"https:\/\/drive.google.com\/file\/d\/1LeSX0zEuyYWkyfsNqmYjt-PPY3PTBjIw\/view\">Caracterizaci\u00f3n gesti\u00f3n acad\u00e9mica<\/a><\/span><\/td>\n<\/tr>\n<tr>\n<td style=\"border-style: solid; border-color: #000000;\" width=\"100%\"><span style=\"color: #000000;\"><a style=\"color: #000000;\" href=\"https:\/\/drive.google.com\/file\/d\/1Xzc_GBbFcPPe0b41iWOS0gCG9IuLYbhE\/view?usp=sharing\">Plan de aula<\/a><\/span><\/td>\n<\/tr>\n<tr>\n<td style=\"border-style: solid; border-color: #000000;\" width=\"100%\"><span style=\"color: #000000;\"><a style=\"color: #000000;\" href=\"https:\/\/drive.google.com\/file\/d\/1uWxhjeJphcmYqGZzRtSid_0FKbSinVJi\/view?usp=sharing\">Planes de \u00e1rea<\/a><\/span><\/td>\n<\/tr>\n<tr>\n<td style=\"border-style: solid; border-color: #000000;\" width=\"100%\"><span style=\"color: #000000;\"><a style=\"color: #000000;\" href=\"https:\/\/drive.google.com\/file\/d\/1xiEBe_kzg_Chc1xAFAN5Wc9rYtzC2KSs\/view?usp=sharing\">Plan de mejoramiento acad\u00e9mico<\/a><\/span><\/td>\n<\/tr>\n<tr>\n<td style=\"border-style: solid; border-color: #000000;\" width=\"100%\"><span style=\"color: #000000;\"><a style=\"color: #000000;\" href=\"https:\/\/drive.google.com\/file\/d\/1fiBbc0IP-wXSsymcFABkge0iFhmXfozN\/view?usp=sharing\">Reporte de situaciones y condiciones<\/a><\/span><\/td>\n<\/tr>\n<tr>\n<td style=\"border-style: solid; border-color: #000000;\" width=\"100%\"><span style=\"color: #000000;\"><a style=\"color: #000000;\" href=\"https:\/\/drive.google.com\/file\/d\/1EZ9kjdXces0eWRwSE-rSe5oXavjrLeua\/view?usp=sharing\">Control de citaciones a acudientes<\/a><\/span><\/td>\n<\/tr>\n<tr>\n<td style=\"border-style: solid; border-color: #000000;\" width=\"100%\"><span style=\"color: #000000;\"><a style=\"color: #000000;\" href=\"https:\/\/drive.google.com\/file\/d\/1xI4XV_NAsGYhFqMaAw-X_ssHTt3H0oeP\/view?usp=sharing\">Pre informe acad\u00e9mico<\/a><\/span><\/td>\n<\/tr>\n<tr>\n<td style=\"border-style: solid; border-color: #000000;\" width=\"100%\"><span style=\"color: #000000;\"><a style=\"color: #000000;\" href=\"https:\/\/drive.google.com\/file\/d\/1zPPaLiQiZvVK5MtFjxkhuyZ9aM0Od9K9\/view?usp=sharing\">Plan de mejoramiento del \u00e1rea<\/a><\/span><\/td>\n<\/tr>\n<tr>\n<td style=\"border-style: solid; border-color: #000000;\" width=\"100%\"><span style=\"color: #000000;\"><a style=\"color: #000000;\" href=\"https:\/\/drive.google.com\/file\/d\/1AQXVFHLGbpS25MvJdV_gzOfEycB0SvYr\/view?usp=sharing\">Observador del estudiante<\/a><\/span><\/td>\n<\/tr>\n<tr>\n<td style=\"border-style: solid; border-color: #000000;\" width=\"100%\"><span style=\"color: #000000;\"><a style=\"color: #000000;\" href=\"https:\/\/drive.google.com\/file\/d\/1DbxeDlbhNLkg7yOl70MCkk7yPFuxaRty\/view?usp=sharing\">Reporte de novedades de calificaciones<\/a><\/span><\/td>\n<\/tr>\n<tr>\n<td style=\"border-style: solid; border-color: #000000;\" width=\"100%\"><span style=\"color: #000000;\"><a style=\"color: #000000;\" href=\"https:\/\/drive.google.com\/file\/d\/1YPREGYeQ5fK237UFp32HRqwFHzkmAxBt\/view?usp=sharing\">Plan lector<\/a><\/span><\/td>\n<\/tr>\n<tr>\n<td style=\"border-style: solid; border-color: #000000;\" width=\"100%\"><span style=\"color: #000000;\"><a style=\"color: #000000;\" href=\"https:\/\/drive.google.com\/file\/d\/1BPVSYBSMw5tamNyXXhyaDG8lfBXxLfWh\/view?usp=sharing\">Rubrica de Evaluacion del plan de mejoramiento del \u00e1rea<\/a><\/span><\/td>\n<\/tr>\n<tr>\n<td style=\"border-style: solid; border-color: #000000;\" width=\"100%\"><span style=\"color: #000000;\"><a style=\"color: #000000;\" href=\"https:\/\/drive.google.com\/file\/d\/1OYO_lscEQC0yIgN7z4RPmeK2aX5xfPb-\/view?usp=sharing\">Reporte de actividades virtuales<\/a><\/span><\/td>\n<\/tr>\n<tr>\n<td style=\"border-style: solid; border-color: #000000;\" width=\"100%\"><span style=\"color: #000000;\">Evaluacion de actividades de proyectos<\/span><\/td>\n<\/tr>\n<tr>\n<td style=\"border-style: solid; border-color: #000000;\" width=\"100%\"><span style=\"color: #000000;\">Proyectos transversales<\/span><\/td>\n<\/tr>\n<tr>\n<td style=\"border-style: solid; border-color: #000000;\" width=\"100%\"><span style=\"color: #000000;\"><a style=\"color: #000000;\" href=\"https:\/\/drive.google.com\/file\/d\/1nLGdYw7cA-3freJw4p6OwdhT3bKMucXD\/view?usp=sharing\">Remisi\u00f3n entidades externas<\/a><\/span><\/td>\n<\/tr>\n<tr>\n<td style=\"border-style: solid; border-color: #000000;\" width=\"100%\"><span style=\"color: #000000;\"><a style=\"color: #000000;\" href=\"https:\/\/drive.google.com\/file\/d\/1nLGdYw7cA-3freJw4p6OwdhT3bKMucXD\/view?usp=sharing\">Reporte salida pedag\u00f3gica<\/a><\/span><\/td>\n<\/tr>\n<tr>\n<td style=\"border-style: solid; border-color: #000000;\" width=\"100%\"><span style=\"color: #000000;\"><a style=\"color: #000000;\" href=\"https:\/\/drive.google.com\/file\/d\/1MFnfmj8AufroCz95FYFCAngXKYAgsEzS\/view?usp=sharing\">Permiso de ausentismo<\/a><\/span><\/td>\n<\/tr>\n<tr>\n<td style=\"border-style: solid; border-color: #000000;\" width=\"100%\"><span style=\"color: #000000;\">Requisici\u00f3n y entrega de materiales<\/span><\/td>\n<\/tr>\n<tr>\n<td style=\"border-style: solid; border-color: #000000;\" width=\"100%\"><span style=\"color: #000000;\">Reporte de horas extras<\/span><\/td>\n<\/tr>\n<tr>\n<td style=\"border-style: solid; border-color: #000000;\" width=\"100%\"><span style=\"color: #000000;\"><a style=\"color: #000000;\" href=\"https:\/\/drive.google.com\/file\/d\/1HVtUWVdotrSeKZpUsnylu0OChjlLo0cD\/view?usp=sharing\">Encuesta de satisfacci\u00f3n<\/a><\/span><\/td>\n<\/tr>\n<tr>\n<td style=\"border-style: solid; border-color: #000000;\" width=\"100%\"><span style=\"color: #000000;\"><a style=\"color: #000000;\" href=\"https:\/\/drive.google.com\/file\/d\/14eGC-pvlztkZh-lL8TpNhSLeK0dYSo8A\/view\">Solicitud de creaci\u00f3n, modificaci\u00f3n o anulaci\u00f3n de documentos<\/a><\/span><\/td>\n<\/tr>\n<tr>\n<td style=\"border-style: solid; border-color: #000000;\" width=\"100%\"><span style=\"color: #000000;\"><a style=\"color: #000000;\" href=\"https:\/\/drive.google.com\/file\/d\/10ll1EdKPr7g3Wjz7G1ypNJmKSag8iyos\/view\">Formato de acta<\/a><\/span><\/td>\n<\/tr>\n<tr>\n<td style=\"border-style: solid; border-color: #000000;\" width=\"100%\"><span style=\"color: #000000;\"><a style=\"color: #000000;\" href=\"https:\/\/drive.google.com\/file\/d\/1NzLOHwvnkSj1n5HxAGSAP3xV_eLwDkuC\/view?usp=sharing\">Plantilla institucional<\/a><\/span><\/td>\n<\/tr>\n<tr>\n<td style=\"border-style: solid; border-color: #000000;\" width=\"100%\"><span style=\"color: #000000;\"><a style=\"color: #000000;\" href=\"https:\/\/drive.google.com\/file\/d\/1XMjUYh_WeWPffl0SDf4mFtNN89cWv5WC\/view\">Quejas, reclamos, sugerencias, exaltaciones<\/a><\/span><\/td>\n<\/tr>\n<tr>\n<td style=\"border-style: solid; border-color: #000000;\" width=\"100%\"><span style=\"color: #000000;\"><a style=\"color: #000000;\" href=\"https:\/\/drive.google.com\/file\/d\/1-9mt5rTIpXHbQGhf5_rOg36H29chenX1\/view\">Citaci\u00f3n a padres de familia y\/o acudientes<\/a><\/span><\/td>\n<\/tr>\n<\/tbody>\n<\/table>\n<p>&nbsp;<\/p>\n<\/div><\/div><\/div><\/div><\/div>","protected":false},"excerpt":{"rendered":"<p>&nbsp; Caracterizaci\u00f3n gesti\u00f3n acad\u00e9mica Plan de aula Planes de \u00e1rea Plan de mejoramiento acad\u00e9mico Reporte de situaciones y condiciones Control &hellip; <\/p>\n","protected":false},"author":142,"featured_media":0,"parent":0,"menu_order":0,"comment_status":"closed","ping_status":"closed","template":"","meta":[],"_links":{"self":[{"href":"https:\/\/ieo.ieramonarcila.edu.co\/calidad\/wp-json\/wp\/v2\/pages\/387"}],"collection":[{"href":"https:\/\/ieo.ieramonarcila.edu.co\/calidad\/wp-json\/wp\/v2\/pages"}],"about":[{"href":"https:\/\/ieo.ieramonarcila.edu.co\/calidad\/wp-json\/wp\/v2\/types\/page"}],"author":[{"embeddable":true,"href":"https:\/\/ieo.ieramonarcila.edu.co\/calidad\/wp-json\/wp\/v2\/users\/142"}],"replies":[{"embeddable":true,"href":"https:\/\/ieo.ieramonarcila.edu.co\/calidad\/wp-json\/wp\/v2\/comments?post=387"}],"version-history":[{"count":8,"href":"https:\/\/ieo.ieramonarcila.edu.co\/calidad\/wp-json\/wp\/v2\/pages\/387\/revisions"}],"predecessor-version":[{"id":501,"href":"https:\/\/ieo.ieramonarcila.edu.co\/calidad\/wp-json\/wp\/v2\/pages\/387\/revisions\/501"}],"wp:attachment":[{"href":"https:\/\/ieo.ieramonarcila.edu.co\/calidad\/wp-json\/wp\/v2\/media?parent=387"}],"curies":[{"name":"wp","href":"https:\/\/api.w.org\/{rel}","templated":true}]}}