{"id":339,"date":"2021-05-25T10:47:06","date_gmt":"2021-05-25T15:47:06","guid":{"rendered":"https:\/\/ieo.ieramonarcila.edu.co\/calidad\/?page_id=339"},"modified":"2021-06-03T16:04:00","modified_gmt":"2021-06-03T21:04:00","slug":"home-calidad-mra","status":"publish","type":"page","link":"https:\/\/ieo.ieramonarcila.edu.co\/calidad\/","title":{"rendered":"INICIO Calidad MRA"},"content":{"rendered":"<div id=\"pl-339\"  class=\"panel-layout\" ><div id=\"pg-339-0\"  class=\"panel-grid panel-no-style\" ><div id=\"pgc-339-0-0\"  class=\"panel-grid-cell\" ><div id=\"panel-339-0-0-0\" class=\"so-panel widget panel-first-child panel-last-child\" data-index=\"0\" ><\/div><\/div><\/div><div id=\"pg-339-1\"  class=\"panel-grid panel-no-style\" ><div id=\"pgc-339-1-0\"  class=\"panel-grid-cell panel-grid-cell-mobile-last\" ><div id=\"panel-339-1-0-0\" class=\"so-panel widget widget_black-studio-tinymce widget_black_studio_tinymce panel-first-child panel-last-child\" data-index=\"1\" ><h3 class=\"widget-title\">Nuestro Sistema de Calidad.<\/h3><div class=\"textwidget\"><p><span style=\"color: #000000; font-size: 14pt;\">El Sistema de Gesti\u00f3n de la Calidad de la Instituci\u00f3n Educativa Monse\u00f1or Ram\u00f3n Arcila se basa en el principio de que cada operaci\u00f3n necesaria para la prestaci\u00f3n del servicio debe generar un valor superior en el usuario. Es por esta raz\u00f3n que permea toda la estructura y responsabilidades del personal para lograrlo.<\/span><\/p>\n<p><span style=\"color: #000000; font-size: 14pt;\">Debemos tener en cuenta que la calidad no es la meta sino el camino. Permanentemente se deben revisar los procesos y actividades generando una cultura de mejoramiento continuo, basada en la evidencia con enfoque claro hacia el cumplimiento de los diferentes requisitos, especialmente las necesidades, percepciones y expectativas de nuestros estudiantes y su acudiente.<\/span><\/p>\n<p><span style=\"color: #000000; font-size: 14pt;\">Para la Instituci\u00f3n Educativa Monse\u00f1or Ram\u00f3n Arcila, la idea de la Gesti\u00f3n de la Calidad va m\u00e1s all\u00e1 de las mejoras del servicio. Propendemos favorecer en nuestros estudiantes la construcci\u00f3n de un proyecto de vida y aportar con nuestros egresados al desarrollo de la regi\u00f3n en los aspectos pol\u00edticos y sociale<\/span>s.<\/p>\n<\/div><\/div><\/div><div id=\"pgc-339-1-1\"  class=\"panel-grid-cell panel-grid-cell-empty\" ><\/div><\/div><\/div>","protected":false},"excerpt":{"rendered":"<p>\u00a0\u00a0\u00a0 El Sistema de Gesti\u00f3n de la Calidad de la Instituci\u00f3n Educativa Monse\u00f1or Ram\u00f3n Arcila se basa en el principio &hellip; <\/p>\n","protected":false},"author":1,"featured_media":0,"parent":0,"menu_order":0,"comment_status":"closed","ping_status":"closed","template":"","meta":[],"_links":{"self":[{"href":"https:\/\/ieo.ieramonarcila.edu.co\/calidad\/wp-json\/wp\/v2\/pages\/339"}],"collection":[{"href":"https:\/\/ieo.ieramonarcila.edu.co\/calidad\/wp-json\/wp\/v2\/pages"}],"about":[{"href":"https:\/\/ieo.ieramonarcila.edu.co\/calidad\/wp-json\/wp\/v2\/types\/page"}],"author":[{"embeddable":true,"href":"https:\/\/ieo.ieramonarcila.edu.co\/calidad\/wp-json\/wp\/v2\/users\/1"}],"replies":[{"embeddable":true,"href":"https:\/\/ieo.ieramonarcila.edu.co\/calidad\/wp-json\/wp\/v2\/comments?post=339"}],"version-history":[{"count":3,"href":"https:\/\/ieo.ieramonarcila.edu.co\/calidad\/wp-json\/wp\/v2\/pages\/339\/revisions"}],"predecessor-version":[{"id":465,"href":"https:\/\/ieo.ieramonarcila.edu.co\/calidad\/wp-json\/wp\/v2\/pages\/339\/revisions\/465"}],"wp:attachment":[{"href":"https:\/\/ieo.ieramonarcila.edu.co\/calidad\/wp-json\/wp\/v2\/media?parent=339"}],"curies":[{"name":"wp","href":"https:\/\/api.w.org\/{rel}","templated":true}]}}